{"id":32,"date":"2015-08-21T07:49:10","date_gmt":"2015-08-21T07:49:10","guid":{"rendered":"http:\/\/www.fusspflege-lechler.de\/?page_id=32"},"modified":"2020-09-26T15:39:14","modified_gmt":"2020-09-26T15:39:14","slug":"fusspflege","status":"publish","type":"page","link":"https:\/\/www.fusspflege-lechler.de\/","title":{"rendered":"Herzlich Willkommen"},"content":{"rendered":"<p>Ich freue mich Sie auf meiner Seite zu begr\u00fc\u00dfen.<\/p>\n<p>Einige Worte \u00fcber die man sich sonst im Alltag nur wenig Gedanken macht.<\/p>\n<p>Unsere F\u00fc\u00dfe tragen uns t\u00e4glich zwischen 5.000 und 10.000 Schritte, im Laufe unseres Lebens etwa 4 Mal um den Globus.<\/p>\n<p>Sie sind ein Kunstwerk der Natur !<\/p>\n<p>Mit seinen 26 (bzw. 52) Knochen, geh\u00f6rt ein Viertel des menschlichen Skeletts zu den F\u00fc\u00dfen.<\/p>\n<p>Daraus l\u00e4sst sich die komplexe Bedeutung und auch die Wechselwirkung eines gesunden Fu\u00dfes f\u00fcr den gesamten Knochenapparat, leicht erfassen.<\/p>\n<p>S\u00e4tze die wir alle kennen wie: \u201egut zu Fu\u00df\u201c \u201emit beiden Beinen im Leben stehen\u201c \u201eSchritt f\u00fcr Schritt\u201c, haben durchaus ihre Berechtigung im Sinne von \u201egesunde \u00a0F\u00fc\u00dfe\u201c sind ein wichtiger Baustein guter Lebensqualit\u00e4t !<\/p>\n<p><span style=\"color: #ffffff;\">Fu\u00dfpflege Crailsheim Fu\u00dfpflege Kre\u00dfberg Dinkelsb\u00fchl Stimpfach<\/span><\/p>\n<!-- AddThis Advanced Settings generic via filter on the_content --><!-- AddThis Share Buttons generic via filter on the_content -->","protected":false},"excerpt":{"rendered":"<p>Ich freue mich Sie auf meiner Seite zu begr\u00fc\u00dfen. Einige Worte \u00fcber die man sich sonst im Alltag nur wenig Gedanken macht. Unsere F\u00fc\u00dfe tragen uns t\u00e4glich zwischen 5.000 und 10.000 Schritte, im Laufe unseres Lebens etwa 4 Mal um den Globus. Sie sind ein Kunstwerk der Natur ! Mit seinen 26 (bzw. 52) Knochen, geh\u00f6rt ein Viertel des menschlichen Skeletts zu den F\u00fc\u00dfen. Daraus l\u00e4sst sich die komplexe Bedeutung und auch die Wechselwirkung eines gesunden Fu\u00dfes f\u00fcr den gesamten Knochenapparat, leicht erfassen. S\u00e4tze die wir alle kennen wie: \u201egut zu Fu\u00df\u201c \u201emit beiden Beinen im Leben stehen\u201c \u201eSchritt f\u00fcr Schritt\u201c, haben durchaus ihre Berechtigung im Sinne von \u201egesunde \u00a0F\u00fc\u00dfe\u201c &hellip; <a href=\"https:\/\/www.fusspflege-lechler.de\/\" class=\"more-link\"><span class=\"screen-reader-text\">Herzlich Willkommen<\/span> weiterlesen <span class=\"meta-nav\">&rarr;<\/span><\/a><!-- AddThis Advanced Settings generic via filter on get_the_excerpt --><!-- AddThis Share Buttons generic via filter on get_the_excerpt --><\/p>\n","protected":false},"author":2,"featured_media":0,"parent":0,"menu_order":1,"comment_status":"closed","ping_status":"closed","template":"","meta":{"_monsterinsights_skip_tracking":false,"_monsterinsights_sitenote_active":false,"_monsterinsights_sitenote_note":"","_monsterinsights_sitenote_category":0,"footnotes":""},"_links":{"self":[{"href":"https:\/\/www.fusspflege-lechler.de\/index.php?rest_route=\/wp\/v2\/pages\/32"}],"collection":[{"href":"https:\/\/www.fusspflege-lechler.de\/index.php?rest_route=\/wp\/v2\/pages"}],"about":[{"href":"https:\/\/www.fusspflege-lechler.de\/index.php?rest_route=\/wp\/v2\/types\/page"}],"author":[{"embeddable":true,"href":"https:\/\/www.fusspflege-lechler.de\/index.php?rest_route=\/wp\/v2\/users\/2"}],"replies":[{"embeddable":true,"href":"https:\/\/www.fusspflege-lechler.de\/index.php?rest_route=%2Fwp%2Fv2%2Fcomments&post=32"}],"version-history":[{"count":6,"href":"https:\/\/www.fusspflege-lechler.de\/index.php?rest_route=\/wp\/v2\/pages\/32\/revisions"}],"predecessor-version":[{"id":236,"href":"https:\/\/www.fusspflege-lechler.de\/index.php?rest_route=\/wp\/v2\/pages\/32\/revisions\/236"}],"wp:attachment":[{"href":"https:\/\/www.fusspflege-lechler.de\/index.php?rest_route=%2Fwp%2Fv2%2Fmedia&parent=32"}],"curies":[{"name":"wp","href":"https:\/\/api.w.org\/{rel}","templated":true}]}}