{"id":87,"date":"2017-01-15T16:08:49","date_gmt":"2017-01-15T16:08:49","guid":{"rendered":"http:\/\/www.fusspflege-lechler.de\/?page_id=87"},"modified":"2023-11-07T20:42:28","modified_gmt":"2023-11-07T20:42:28","slug":"warum-fusspflege-2","status":"publish","type":"page","link":"https:\/\/www.fusspflege-lechler.de\/?page_id=87","title":{"rendered":"Warum Fu\u00dfpflege ?"},"content":{"rendered":"<p>Ein Aspekt ist sicherlich ein vorzeigbarer optischer Eindruck, sich auch barfu\u00df wohl zu f\u00fchlen, doch professionelle Fu\u00dfpflege ist nicht nur eine Frage der \u00c4sthetik.<\/p>\n<p>Bei bereits vorhandenen Problemen mit der Haut und den N\u00e4geln sollten Sie z\u00fcgig aktiv werden. Sp\u00e4testens dann sollte eine Fachfrau zu Rate gezogen werden.<\/p>\n<p>Ich berate Sie kompetent zu Ihrer Fu\u00dfgesundheit bzw. kann Ver\u00e4nderungen an ihren F\u00fc\u00dfen rechtzeitig erkennen.<\/p>\n<p>Einfach weil Vorbeugen besser ist als heilen.<\/p>\n<p>Sie werden nach einer professionelle Fu\u00dfpflege sofort sp\u00fcren wie wunderbar anders sich ein Fu\u00df anf\u00fchlt der seinen Bed\u00fcrfnissen entsprechend behandelt wird. Sie werden ihre F\u00fc\u00dfe bewusster wahrnehmen und ihnen vielleicht mehr Aufmerksamkeit g\u00f6nnen.<\/p>\n<p>Zuhause k\u00f6nnen Sie dann mit geeigneten speziellen Pflegeprodukten das Wohlgef\u00fchl verl\u00e4ngern.<\/p>\n<p>Probieren Sie es einfach aus !<\/p>\n<p>Rufen Sie an und vereinbaren einen Termin, ich freue mich auf Sie !<\/p>\n<!-- AddThis Advanced Settings generic via filter on the_content --><!-- AddThis Share Buttons generic via filter on the_content -->","protected":false},"excerpt":{"rendered":"<p>Ein Aspekt ist sicherlich ein vorzeigbarer optischer Eindruck, sich auch barfu\u00df wohl zu f\u00fchlen, doch professionelle Fu\u00dfpflege ist nicht nur eine Frage der \u00c4sthetik. Bei bereits vorhandenen Problemen mit der Haut und den N\u00e4geln sollten Sie z\u00fcgig aktiv werden. Sp\u00e4testens dann sollte eine Fachfrau zu Rate gezogen werden. Ich berate Sie kompetent zu Ihrer Fu\u00dfgesundheit bzw. kann Ver\u00e4nderungen an ihren F\u00fc\u00dfen rechtzeitig erkennen. Einfach weil Vorbeugen besser ist als heilen. Sie werden nach einer professionelle Fu\u00dfpflege sofort sp\u00fcren wie wunderbar anders sich ein Fu\u00df anf\u00fchlt der seinen Bed\u00fcrfnissen entsprechend behandelt wird. Sie werden ihre F\u00fc\u00dfe bewusster wahrnehmen und ihnen vielleicht mehr Aufmerksamkeit g\u00f6nnen. Zuhause k\u00f6nnen Sie dann mit geeigneten speziellen &hellip; <a href=\"https:\/\/www.fusspflege-lechler.de\/?page_id=87\" class=\"more-link\"><span class=\"screen-reader-text\">Warum Fu\u00dfpflege ?<\/span> weiterlesen <span class=\"meta-nav\">&rarr;<\/span><\/a><!-- AddThis Advanced Settings generic via filter on get_the_excerpt --><!-- AddThis Share Buttons generic via filter on get_the_excerpt --><\/p>\n","protected":false},"author":2,"featured_media":0,"parent":0,"menu_order":2,"comment_status":"closed","ping_status":"closed","template":"","meta":{"_monsterinsights_skip_tracking":false,"_monsterinsights_sitenote_active":false,"_monsterinsights_sitenote_note":"","_monsterinsights_sitenote_category":0,"footnotes":""},"_links":{"self":[{"href":"https:\/\/www.fusspflege-lechler.de\/index.php?rest_route=\/wp\/v2\/pages\/87"}],"collection":[{"href":"https:\/\/www.fusspflege-lechler.de\/index.php?rest_route=\/wp\/v2\/pages"}],"about":[{"href":"https:\/\/www.fusspflege-lechler.de\/index.php?rest_route=\/wp\/v2\/types\/page"}],"author":[{"embeddable":true,"href":"https:\/\/www.fusspflege-lechler.de\/index.php?rest_route=\/wp\/v2\/users\/2"}],"replies":[{"embeddable":true,"href":"https:\/\/www.fusspflege-lechler.de\/index.php?rest_route=%2Fwp%2Fv2%2Fcomments&post=87"}],"version-history":[{"count":5,"href":"https:\/\/www.fusspflege-lechler.de\/index.php?rest_route=\/wp\/v2\/pages\/87\/revisions"}],"predecessor-version":[{"id":270,"href":"https:\/\/www.fusspflege-lechler.de\/index.php?rest_route=\/wp\/v2\/pages\/87\/revisions\/270"}],"wp:attachment":[{"href":"https:\/\/www.fusspflege-lechler.de\/index.php?rest_route=%2Fwp%2Fv2%2Fmedia&parent=87"}],"curies":[{"name":"wp","href":"https:\/\/api.w.org\/{rel}","templated":true}]}}