{"id":90,"date":"2017-01-15T16:09:22","date_gmt":"2017-01-15T16:09:22","guid":{"rendered":"http:\/\/www.fusspflege-lechler.de\/?page_id=90"},"modified":"2026-04-05T08:46:20","modified_gmt":"2026-04-05T08:46:20","slug":"ablauf-preise","status":"publish","type":"page","link":"https:\/\/www.fusspflege-lechler.de\/?page_id=90","title":{"rendered":"Ablauf &#038; Preise"},"content":{"rendered":"<p><strong>Kosmetische Fu\u00dfpflege<\/strong><\/p>\n<p>-warmes Fu\u00dfbad<\/p>\n<p>-Untersuchung der Fu\u00dfgesundheit<\/p>\n<p>-K\u00fcrzen und Gl\u00e4tten der N\u00e4gel<\/p>\n<p>-\u00dcbersch\u00fcssige Nagelhaut entfernen<\/p>\n<p>-Entfernung von leichten Verhornungen<\/p>\n<p>-pflegender Cremeschaum<\/p>\n<p style=\"text-align: left;\">je nach Aufwand\/Behandlungsdauer(ca. 35-50min) <strong>ab 42.- \u20ac<\/strong><\/p>\n<p><span style=\"color: #ffffff;\">Absatz<\/span><\/p>\n<p>Lackieren der N\u00e4gel (Unterlack + 2 Farbschichten)\u00a0 \u00a0 \u00a0 \u00a0 \u00a0 \u00a0 \u00a0 \u00a0 \u00a0 \u00a0 \u00a0 \u00a0 \u00a0 \u00a0 \u00a0 \u00a0 \u00a0 \u00a0 \u00a0 \u00a0 \u00a0 \u00a0 <strong>\u00a0<\/strong><\/p>\n<p style=\"text-align: left;\"><strong>9.- \u20ac<\/strong><\/p>\n<p><span style=\"color: #ffffff;\">Abs<\/span><\/p>\n<!-- AddThis Advanced Settings generic via filter on the_content --><!-- AddThis Share Buttons generic via filter on the_content -->","protected":false},"excerpt":{"rendered":"<p>Kosmetische Fu\u00dfpflege -warmes Fu\u00dfbad -Untersuchung der Fu\u00dfgesundheit -K\u00fcrzen und Gl\u00e4tten der N\u00e4gel -\u00dcbersch\u00fcssige Nagelhaut entfernen -Entfernung von leichten Verhornungen -pflegender Cremeschaum je nach Aufwand\/Behandlungsdauer(ca. 35-50min) ab 42.- \u20ac Absatz Lackieren der N\u00e4gel (Unterlack + 2 Farbschichten)\u00a0 \u00a0 \u00a0 \u00a0 \u00a0 \u00a0 \u00a0 \u00a0 \u00a0 \u00a0 \u00a0 \u00a0 \u00a0 \u00a0 \u00a0 \u00a0 \u00a0 \u00a0 \u00a0 \u00a0 \u00a0 \u00a0 \u00a0 9.- \u20ac Abs<!-- AddThis Advanced Settings generic via filter on get_the_excerpt --><!-- AddThis Share Buttons generic via filter on get_the_excerpt --><\/p>\n","protected":false},"author":2,"featured_media":0,"parent":0,"menu_order":3,"comment_status":"closed","ping_status":"closed","template":"","meta":{"_monsterinsights_skip_tracking":false,"_monsterinsights_sitenote_active":false,"_monsterinsights_sitenote_note":"","_monsterinsights_sitenote_category":0,"footnotes":""},"_links":{"self":[{"href":"https:\/\/www.fusspflege-lechler.de\/index.php?rest_route=\/wp\/v2\/pages\/90"}],"collection":[{"href":"https:\/\/www.fusspflege-lechler.de\/index.php?rest_route=\/wp\/v2\/pages"}],"about":[{"href":"https:\/\/www.fusspflege-lechler.de\/index.php?rest_route=\/wp\/v2\/types\/page"}],"author":[{"embeddable":true,"href":"https:\/\/www.fusspflege-lechler.de\/index.php?rest_route=\/wp\/v2\/users\/2"}],"replies":[{"embeddable":true,"href":"https:\/\/www.fusspflege-lechler.de\/index.php?rest_route=%2Fwp%2Fv2%2Fcomments&post=90"}],"version-history":[{"count":19,"href":"https:\/\/www.fusspflege-lechler.de\/index.php?rest_route=\/wp\/v2\/pages\/90\/revisions"}],"predecessor-version":[{"id":285,"href":"https:\/\/www.fusspflege-lechler.de\/index.php?rest_route=\/wp\/v2\/pages\/90\/revisions\/285"}],"wp:attachment":[{"href":"https:\/\/www.fusspflege-lechler.de\/index.php?rest_route=%2Fwp%2Fv2%2Fmedia&parent=90"}],"curies":[{"name":"wp","href":"https:\/\/api.w.org\/{rel}","templated":true}]}}